{"id":4515,"date":"2022-03-13T19:51:40","date_gmt":"2022-03-13T18:51:40","guid":{"rendered":"http:\/\/collectifarpis.fr\/?page_id=4515"},"modified":"2026-02-25T16:47:03","modified_gmt":"2026-02-25T15:47:03","slug":"2018-les-murmures-dananke","status":"publish","type":"page","link":"https:\/\/collectifarpis.fr\/index.php\/2018-les-murmures-dananke\/","title":{"rendered":"2018 &#8211; Les murmures d&rsquo;Anank\u00e9"},"content":{"rendered":"\n<h2 class=\"wp-block-heading\"><strong>Les murmures d\u2019Anank\u00e9<\/strong><\/h2>\n\n\n\n<p>Dans un marais paisible, un vieil homme vit un quotidien solitaire avant de d\u00e9couvrir une petite fille au d\u00e9tour d\u2019une promenade en bateau. Il d\u00e9cide de recueillir l\u2019enfant qui deviendra une jeune fille curieuse et cr\u00e9ative. Un soir, comme chaque soir, il repart naviguer\u2026 mais ne reviendra pas. S\u2019en suivra alors une qu\u00eate \u00e9poustouflante de cette courageuse h\u00e9ro\u00efne partie, \u00e0 son tour, \u00e0 sa recherche.<\/p>\n\n\n\n<p>\u2014\u2014\u2014\u2014\u2014\u2014-<\/p>\n\n\n\n<figure class=\"wp-block-embed is-type-video is-provider-youtube wp-block-embed-youtube wp-embed-aspect-16-9 wp-has-aspect-ratio\"><div class=\"wp-block-embed__wrapper\">\n<iframe loading=\"lazy\" title=\"Les murmures d&#039;Ananke\u0301 by Collectif ARpiS\" width=\"1032\" height=\"581\" src=\"https:\/\/www.youtube.com\/embed\/b74-_-3QgsM?feature=oembed\" frameborder=\"0\" allow=\"accelerometer; autoplay; clipboard-write; encrypted-media; gyroscope; picture-in-picture; web-share\" referrerpolicy=\"strict-origin-when-cross-origin\" allowfullscreen><\/iframe>\n<\/div><\/figure>\n\n\n\n<p>SPECTACLE NUM\u00c9RIQUE<br>Arts du mime et de la danse \u2013 Sc\u00e9nographie interactive<\/p>\n\n\n\n<p>TOUT PUBLIC, \u00c0 PARTIR DE 6 ANS<\/p>\n\n\n\n<p>CR\u00c9ATION COLLECTIVE<br>Interpr\u00e9tation et mise en sc\u00e8ne Kannelle .P \u2013 Kilian et l\u2019aUtRe<\/p>\n\n\n\n<p>Composition musicale, d\u00e9veloppement informatique, montage son \u2013 Kilian et l\u2019aUtRe Programmation et d\u00e9veloppement informatique \u2013 Simon Marmorat Sc\u00e9nographie, costume \u2013 Kannelle Perr\u00e9<\/p>\n\n\n\n<p>Graphisme, animation \u2013 Aur\u00e9lie Cac\u00e9r\u00e8s Conception lumi\u00e8re \u2013 Emma Schler et Kannelle Perr\u00e9<\/p>\n\n\n\n<p>Production \u2013 Collectif ARpiS<\/p>\n\n\n\n<p>Cr\u00e9ation inspir\u00e9e de la performance \u00e9ponyme commandit\u00e9e pour la Nuit Blanche 2016 par la Mairie de Paris.<br>Avec le soutien du Chateau \u00c9ph\u00e9m\u00e8re (78), du Th\u00e9\u00e2tre Paris Villette (75) et du Cube (92). ACTION FINANC\u00c9E PAR LA R\u00c9GION \u00ceLE-DE-FRANCE (dispositif FoRTE).<\/p>\n","protected":false},"excerpt":{"rendered":"<p>Les murmures d\u2019Anank\u00e9 Dans un marais paisible, un vieil homme vit un quotidien solitaire avant de d\u00e9couvrir une petite fille au d\u00e9tour d\u2019une promenade en &hellip;<\/p>\n","protected":false},"author":1,"featured_media":0,"parent":0,"menu_order":0,"comment_status":"closed","ping_status":"closed","template":"","meta":{"footnotes":""},"class_list":["post-4515","page","type-page","status-publish","hentry"],"_links":{"self":[{"href":"https:\/\/collectifarpis.fr\/index.php\/wp-json\/wp\/v2\/pages\/4515","targetHints":{"allow":["GET"]}}],"collection":[{"href":"https:\/\/collectifarpis.fr\/index.php\/wp-json\/wp\/v2\/pages"}],"about":[{"href":"https:\/\/collectifarpis.fr\/index.php\/wp-json\/wp\/v2\/types\/page"}],"author":[{"embeddable":true,"href":"https:\/\/collectifarpis.fr\/index.php\/wp-json\/wp\/v2\/users\/1"}],"replies":[{"embeddable":true,"href":"https:\/\/collectifarpis.fr\/index.php\/wp-json\/wp\/v2\/comments?post=4515"}],"version-history":[{"count":6,"href":"https:\/\/collectifarpis.fr\/index.php\/wp-json\/wp\/v2\/pages\/4515\/revisions"}],"predecessor-version":[{"id":4748,"href":"https:\/\/collectifarpis.fr\/index.php\/wp-json\/wp\/v2\/pages\/4515\/revisions\/4748"}],"wp:attachment":[{"href":"https:\/\/collectifarpis.fr\/index.php\/wp-json\/wp\/v2\/media?parent=4515"}],"curies":[{"name":"wp","href":"https:\/\/api.w.org\/{rel}","templated":true}]}}