{"id":4429,"date":"2016-02-11T15:39:29","date_gmt":"2016-02-11T14:39:29","guid":{"rendered":"http:\/\/collectifarpis.fr\/?page_id=4429"},"modified":"2026-02-08T18:04:30","modified_gmt":"2026-02-08T17:04:30","slug":"lequipe","status":"publish","type":"page","link":"https:\/\/collectifarpis.fr\/index.php\/lequipe\/","title":{"rendered":"L&rsquo;\u00e9quipe"},"content":{"rendered":"\n<h2 class=\"wp-block-heading\"><strong>Kannelle P<\/strong><\/h2>\n\n\n\n<p><\/p>\n\n\n<div class=\"wp-block-image\">\n<figure class=\"alignright size-large is-resized\"><img loading=\"lazy\" decoding=\"async\" width=\"1024\" height=\"513\" src=\"https:\/\/collectifarpis.fr\/wp-content\/uploads\/2026\/02\/image-1024x513.jpeg\" alt=\"\" class=\"wp-image-4611\" style=\"width:533px;height:auto\" srcset=\"https:\/\/collectifarpis.fr\/wp-content\/uploads\/2026\/02\/image-1024x513.jpeg 1024w, https:\/\/collectifarpis.fr\/wp-content\/uploads\/2026\/02\/image-300x150.jpeg 300w, https:\/\/collectifarpis.fr\/wp-content\/uploads\/2026\/02\/image-768x385.jpeg 768w, https:\/\/collectifarpis.fr\/wp-content\/uploads\/2026\/02\/image-1536x770.jpeg 1536w, https:\/\/collectifarpis.fr\/wp-content\/uploads\/2026\/02\/image-583x292.jpeg 583w, https:\/\/collectifarpis.fr\/wp-content\/uploads\/2026\/02\/image.jpeg 1600w\" sizes=\"auto, (max-width: 1024px) 100vw, 1024px\" \/><\/figure>\n<\/div>\n\n\n<p>Mime et Sc\u00e9nographe.<\/p>\n\n\n\n<p>Kannelle am\u00e8nage son espace d\u2019expression po\u00e9tique sous<br>l\u2019esth\u00e9tique du Mime augment\u00e9. En 2013, elle s\u2019associe<br>artistiquement avec Kilian et l\u2019aUtRe et cr\u00e9\u00e9 Le Fabuleux<br>voyage du petit architecte en 2015. En 2018, elle s\u2019associe<br>au Ch\u00e2teau \u00c9ph\u00e9m\u00e8re avec le Collectif ARpiS et cr\u00e9\u00e9 Les<br>Murmures d\u2019Anank\u00e9. La m\u00eame ann\u00e9e, elle est laur\u00e9ate de la1\u00e8re \u00e9dition du dispositif FoRTE port\u00e9 par la r\u00e9gion \u00cele-de-<br>France. En 2019, elle initie la cr\u00e9ation d\u2019une petite forme<\/p>\n\n\n\n<p>num\u00e9rique et sensorielle pour tr\u00e8s jeune public.<\/p>\n\n\n\n<h2 class=\"wp-block-heading has-text-align-right\"><strong>Kilian et l\u2019aUtRe<\/strong><\/h2>\n\n\n<div class=\"wp-block-image\">\n<figure class=\"alignleft size-large is-resized\"><img loading=\"lazy\" decoding=\"async\" width=\"1024\" height=\"683\" src=\"https:\/\/collectifarpis.fr\/wp-content\/uploads\/2026\/02\/image-1024x683.png\" alt=\"\" class=\"wp-image-4615\" style=\"width:541px;height:auto\" srcset=\"https:\/\/collectifarpis.fr\/wp-content\/uploads\/2026\/02\/image-1024x683.png 1024w, https:\/\/collectifarpis.fr\/wp-content\/uploads\/2026\/02\/image-300x200.png 300w, https:\/\/collectifarpis.fr\/wp-content\/uploads\/2026\/02\/image-768x512.png 768w, https:\/\/collectifarpis.fr\/wp-content\/uploads\/2026\/02\/image-1536x1024.png 1536w, https:\/\/collectifarpis.fr\/wp-content\/uploads\/2026\/02\/image-450x300.png 450w, https:\/\/collectifarpis.fr\/wp-content\/uploads\/2026\/02\/image.png 1600w\" sizes=\"auto, (max-width: 1024px) 100vw, 1024px\" \/><\/figure>\n<\/div>\n\n\n<p class=\"has-normal-font-size\">Musicien et Artiste num\u00e9rique<\/p>\n\n\n\n<div class=\"wp-block-group is-nowrap is-layout-flex wp-container-core-group-is-layout-ad2f72ca wp-block-group-is-layout-flex\">\n<p>Kilian et l\u2019aUtre est un artiste pluri-disciplinaire m\u00ealant la<br>musique aux arts num\u00e9riques. Depuis 2013, Il propose une<br>exp\u00e9rience visuellement interactive du concert avec ses<br>deux spectacles La chroniques des esprits vid\u00e9s et Les<br>d\u00e9ferlantes. En 2015, il collabore avec Kannelle .P sur la<br>cr\u00e9ation du spectacle jeune public Le fabuleux voyage du<br>petit architecte, puis sur Les Murmures d\u2019Anank\u00e9 en 2018.<br>La m\u00eame ann\u00e9e, il est laur\u00e9at de la 1\u00e8re \u00e9dition du dispositif<br>FoRTE port\u00e9 par la r\u00e9gion \u00cele-de-France. En 2019, il ent\u00e2me<br>la cr\u00e9ation d\u2019une exposition interactive.<\/p>\n<\/div>\n\n\n\n<p><\/p>\n\n\n\n<p><\/p>\n\n\n\n<p><\/p>\n\n\n\n<h2 class=\"wp-block-heading\"><strong>Aur\u00e9lie Cac\u00e9r\u00e8s<\/strong><\/h2>\n\n\n<div class=\"wp-block-image wp-duotone-grayscale\">\n<figure class=\"alignright size-large is-resized\"><img loading=\"lazy\" decoding=\"async\" width=\"716\" height=\"1024\" src=\"https:\/\/collectifarpis.fr\/wp-content\/uploads\/2026\/02\/image-3-716x1024.jpeg\" alt=\"\" class=\"wp-image-4614\" style=\"aspect-ratio:0.6992171838458724;width:309px;height:auto\" srcset=\"https:\/\/collectifarpis.fr\/wp-content\/uploads\/2026\/02\/image-3-716x1024.jpeg 716w, https:\/\/collectifarpis.fr\/wp-content\/uploads\/2026\/02\/image-3-210x300.jpeg 210w, https:\/\/collectifarpis.fr\/wp-content\/uploads\/2026\/02\/image-3-768x1099.jpeg 768w, https:\/\/collectifarpis.fr\/wp-content\/uploads\/2026\/02\/image-3-1073x1536.jpeg 1073w, https:\/\/collectifarpis.fr\/wp-content\/uploads\/2026\/02\/image-3.jpeg 1118w\" sizes=\"auto, (max-width: 716px) 100vw, 716px\" \/><\/figure>\n<\/div>\n\n\n<p class=\"has-text-align-left\">Infographiste, Animatrice 2D\/3D<\/p>\n\n\n\n<p class=\"has-text-align-left\">Illustratrice de talent, Aur\u00e9lie cr\u00e9e des univers singuliers qu\u2019elle r\u00e9gie de la pointe de son stylet.<\/p>\n\n\n\n<p class=\"has-text-align-left\">Des mondes color\u00e9s, po\u00e9tiques et enfantins se d\u00e9ploient et s\u2019installent dans les diff\u00e9rents projets num\u00e9riques o\u00f9 elle intervient.<\/p>\n\n\n\n<p class=\"has-text-align-left\">Aur\u00e9lie \u00e9tudie les Arts et Technologie de l\u2019Image \u00e0 l\u2019Universit\u00e9 Paris 8 et obtient son master professionnel en 2013.<br>Elle rejoint le collectif Arpis en 2015 et collabore au graphisme des d\u00e9cors num\u00e9riques du spectacle \u201cLe fabuleux voyage du petit architecte\u201d, puis signe l\u2019animation et \u00e0 nouveau le d\u00e9cor num\u00e9rique de la seconde cr\u00e9ation \u201cLes Murmures d\u2019Anank\u00e9\u201d. Elle se sp\u00e9cialise ainsi dans l\u2019illustration num\u00e9rique projet\u00e9e, des installations et des spectacles de la troupe.<\/p>\n\n\n\n<p class=\"has-text-align-left\">\u201cLe r\u00e9veil de Pomone\u201d est le premier spectacle qu\u2019elle co-\u00e9crit avec Kannelle.P.<\/p>\n\n\n\n<p class=\"has-text-align-left\">En parall\u00e8le, elle intervient r\u00e9guli\u00e8rement dans des productions audiovisuelles \u00e0 destination du jeune public.<\/p>\n\n\n\n<p><\/p>\n\n\n\n<h2 class=\"wp-block-heading has-text-align-right\"><strong>Hugo Minon<\/strong><\/h2>\n\n\n<div class=\"wp-block-image wp-duotone-grayscale\">\n<figure class=\"alignleft size-large is-resized\"><img loading=\"lazy\" decoding=\"async\" width=\"574\" height=\"1024\" src=\"https:\/\/collectifarpis.fr\/wp-content\/uploads\/2026\/02\/Screenshot_2025-02-03-15-44-48-18_99c04817c0de5652397fc8b56c3b3817-scaled-e1770567700564-574x1024.jpg\" alt=\"\" class=\"wp-image-4690\" style=\"aspect-ratio:0.5605499655177731;width:266px;height:auto\" srcset=\"https:\/\/collectifarpis.fr\/wp-content\/uploads\/2026\/02\/Screenshot_2025-02-03-15-44-48-18_99c04817c0de5652397fc8b56c3b3817-scaled-e1770567700564-574x1024.jpg 574w, https:\/\/collectifarpis.fr\/wp-content\/uploads\/2026\/02\/Screenshot_2025-02-03-15-44-48-18_99c04817c0de5652397fc8b56c3b3817-scaled-e1770567700564-168x300.jpg 168w, https:\/\/collectifarpis.fr\/wp-content\/uploads\/2026\/02\/Screenshot_2025-02-03-15-44-48-18_99c04817c0de5652397fc8b56c3b3817-scaled-e1770567700564-768x1371.jpg 768w, https:\/\/collectifarpis.fr\/wp-content\/uploads\/2026\/02\/Screenshot_2025-02-03-15-44-48-18_99c04817c0de5652397fc8b56c3b3817-scaled-e1770567700564-860x1536.jpg 860w, https:\/\/collectifarpis.fr\/wp-content\/uploads\/2026\/02\/Screenshot_2025-02-03-15-44-48-18_99c04817c0de5652397fc8b56c3b3817-scaled-e1770567700564-1147x2048.jpg 1147w, https:\/\/collectifarpis.fr\/wp-content\/uploads\/2026\/02\/Screenshot_2025-02-03-15-44-48-18_99c04817c0de5652397fc8b56c3b3817-scaled-e1770567700564.jpg 1164w\" sizes=\"auto, (max-width: 574px) 100vw, 574px\" \/><\/figure>\n<\/div>\n\n\n<p class=\"has-text-align-right\">Ing\u00e9nieur du son de formation, travaillant dans l&rsquo;audiovisuel,<\/p>\n\n\n\n<p class=\"has-text-align-right\">Hugo est venu avec l&rsquo;envie de relever de nouveaux d\u00e9fis au sein du collectif ARpiS.<\/p>\n\n\n\n<p class=\"has-text-align-right\">Il a pris \u00e0 c\u0153ur sa mission de r\u00e9gisseur plateau sur Les Murmures d&rsquo;Anank\u00e9 et est toujours partant pour d&rsquo;autres d\u00e9fis futurs.<\/p>\n\n\n\n<p><\/p>\n\n\n\n<p><\/p>\n\n\n\n<p><\/p>\n\n\n\n<p><\/p>\n\n\n\n<p><\/p>\n\n\n\n<p><\/p>\n\n\n\n<p><\/p>\n\n\n\n<p><\/p>\n\n\n\n<p><\/p>\n\n\n\n<h2 class=\"wp-block-heading has-text-align-left\"><strong>Laure Isnard<\/strong><\/h2>\n\n\n<div class=\"wp-block-image is-style-default\">\n<figure class=\"alignright size-medium is-resized\"><img loading=\"lazy\" decoding=\"async\" width=\"300\" height=\"300\" src=\"https:\/\/collectifarpis.fr\/wp-content\/uploads\/2026\/02\/Laure_nfnlfe-300x300.png\" alt=\"\" class=\"wp-image-4691\" style=\"aspect-ratio:1;object-fit:cover;width:309px;height:auto\" srcset=\"https:\/\/collectifarpis.fr\/wp-content\/uploads\/2026\/02\/Laure_nfnlfe-300x300.png 300w, https:\/\/collectifarpis.fr\/wp-content\/uploads\/2026\/02\/Laure_nfnlfe-150x150.png 150w, https:\/\/collectifarpis.fr\/wp-content\/uploads\/2026\/02\/Laure_nfnlfe.png 322w\" sizes=\"auto, (max-width: 300px) 100vw, 300px\" \/><\/figure>\n<\/div>\n\n\n<p class=\"has-text-align-left\">Charg\u00e9 de diffusion<\/p>\n\n\n\n<p class=\"has-text-align-left\">ds<\/p>\n","protected":false},"excerpt":{"rendered":"<p>Kannelle P Mime et Sc\u00e9nographe. Kannelle am\u00e8nage son espace d\u2019expression po\u00e9tique sousl\u2019esth\u00e9tique du Mime augment\u00e9. En 2013, elle s\u2019associeartistiquement avec Kilian et l\u2019aUtRe et cr\u00e9\u00e9 &hellip;<\/p>\n","protected":false},"author":1,"featured_media":0,"parent":0,"menu_order":0,"comment_status":"closed","ping_status":"closed","template":"","meta":{"footnotes":""},"class_list":["post-4429","page","type-page","status-publish","hentry"],"_links":{"self":[{"href":"https:\/\/collectifarpis.fr\/index.php\/wp-json\/wp\/v2\/pages\/4429","targetHints":{"allow":["GET"]}}],"collection":[{"href":"https:\/\/collectifarpis.fr\/index.php\/wp-json\/wp\/v2\/pages"}],"about":[{"href":"https:\/\/collectifarpis.fr\/index.php\/wp-json\/wp\/v2\/types\/page"}],"author":[{"embeddable":true,"href":"https:\/\/collectifarpis.fr\/index.php\/wp-json\/wp\/v2\/users\/1"}],"replies":[{"embeddable":true,"href":"https:\/\/collectifarpis.fr\/index.php\/wp-json\/wp\/v2\/comments?post=4429"}],"version-history":[{"count":23,"href":"https:\/\/collectifarpis.fr\/index.php\/wp-json\/wp\/v2\/pages\/4429\/revisions"}],"predecessor-version":[{"id":4716,"href":"https:\/\/collectifarpis.fr\/index.php\/wp-json\/wp\/v2\/pages\/4429\/revisions\/4716"}],"wp:attachment":[{"href":"https:\/\/collectifarpis.fr\/index.php\/wp-json\/wp\/v2\/media?parent=4429"}],"curies":[{"name":"wp","href":"https:\/\/api.w.org\/{rel}","templated":true}]}}